{"id":14,"date":"2025-10-14T20:42:58","date_gmt":"2025-10-14T20:42:58","guid":{"rendered":"https:\/\/carnivora-tiernahrung.de\/?page_id=14"},"modified":"2026-01-12T21:28:39","modified_gmt":"2026-01-12T21:28:39","slug":"start","status":"publish","type":"page","link":"https:\/\/carnivora-tiernahrung.de\/","title":{"rendered":"Start"},"content":{"rendered":"<p>[et_pb_section fb_built=&#8220;1&#8243; specialty=&#8220;on&#8220; disabled_on=&#8220;on|on|on&#8220; _builder_version=&#8220;4.27.4&#8243; _module_preset=&#8220;default&#8220; use_background_color_gradient=&#8220;on&#8220; background_color_gradient_stops=&#8220;rgba(0,0,0,0.82) 0%|rgba(0,0,0,0.82) 99%&#8220; background_color_gradient_overlays_image=&#8220;on&#8220; background_image=&#8220;https:\/\/carnivora-tiernahrung.de\/wp-content\/uploads\/2025\/10\/paper-texture.jpg&#8220; top_divider_style=&#8220;wave2&#8243; top_divider_color=&#8220;#a8c83d&#8220; top_divider_height=&#8220;54px&#8220; bottom_divider_repeat=&#8220;1x&#8220; disabled=&#8220;on&#8220; global_colors_info=&#8220;{}&#8220;][et_pb_column type=&#8220;1_2&#8243; _builder_version=&#8220;4.16&#8243; custom_padding=&#8220;|||&#8220; global_colors_info=&#8220;{}&#8220; custom_padding__hover=&#8220;|||&#8220;][et_pb_text _builder_version=&#8220;4.27.4&#8243; _module_preset=&#8220;default&#8220; text_font=&#8220;Arial|800|||||||&#8220; text_font_size=&#8220;33px&#8220; global_colors_info=&#8220;{}&#8220;]<\/p>\n<p><span style=\"color: #ffffff;\">Urlaubsank\u00fcndigung<\/span><\/p>\n<p>[\/et_pb_text][et_pb_text _builder_version=&#8220;4.27.4&#8243; _module_preset=&#8220;default&#8220; text_font=&#8220;Arial|700|||||||&#8220; text_font_size=&#8220;18px&#8220; global_colors_info=&#8220;{}&#8220;]<\/p>\n<p><span style=\"color: #ffffff;\">Vom<\/span> <span style=\"color: #e02b20;\">24.12.2025<\/span> <span style=\"color: #ffffff;\">bis einschlie\u00dflich<\/span> <span style=\"color: #e02b20;\">02.01.2026<\/span><br \/><span style=\"color: #ffffff;\">bleibt Carnivora-Tiernahrung geschlossen.<\/span><br \/><span style=\"color: #ffffff;\">Ab dem 06.01.2026 sind wir wieder wie gewohnt f\u00fcr euch da.<\/span><\/p>\n<p>[\/et_pb_text][\/et_pb_column][et_pb_column type=&#8220;1_2&#8243; specialty_columns=&#8220;2&#8243; _builder_version=&#8220;4.16&#8243; custom_padding=&#8220;|||&#8220; global_colors_info=&#8220;{}&#8220; custom_padding__hover=&#8220;|||&#8220;][et_pb_row_inner _builder_version=&#8220;4.27.4&#8243; _module_preset=&#8220;default&#8220; global_colors_info=&#8220;{}&#8220;][et_pb_column_inner saved_specialty_column_type=&#8220;1_2&#8243; _builder_version=&#8220;4.27.4&#8243; _module_preset=&#8220;default&#8220; global_colors_info=&#8220;{}&#8220;][et_pb_text _builder_version=&#8220;4.27.4&#8243; _module_preset=&#8220;default&#8220; text_font=&#8220;Arial|700|||||||&#8220; text_text_color=&#8220;#FFFFFF&#8220; text_font_size=&#8220;33px&#8220; text_line_height=&#8220;1.2em&#8220; global_colors_info=&#8220;{}&#8220;]<\/p>\n<p>Wichtig &#8211; Frostware<\/p>\n<p>[\/et_pb_text][et_pb_text _builder_version=&#8220;4.27.4&#8243; _module_preset=&#8220;default&#8220; text_font=&#8220;Arial|700|||||||&#8220; text_text_color=&#8220;#FFFFFF&#8220; text_font_size=&#8220;21px&#8220; global_colors_info=&#8220;{}&#8220;]<\/p>\n<p>Bitte gebt eure Bestellungen bis zum 28.11.2025 \u00fcber die bekannten Wege auf.<\/p>\n<p>[\/et_pb_text][et_pb_text _builder_version=&#8220;4.27.4&#8243; _module_preset=&#8220;default&#8220; text_font=&#8220;Arial|700|||||||&#8220; text_text_color=&#8220;#FFFFFF&#8220; text_font_size=&#8220;33px&#8220; text_line_height=&#8220;1.2em&#8220; global_colors_info=&#8220;{}&#8220;]<\/p>\n<p>Wichtig &#8211; Frischware<\/p>\n<p>[\/et_pb_text][et_pb_text _builder_version=&#8220;4.27.4&#8243; _module_preset=&#8220;default&#8220; text_font=&#8220;Arial|700|||||||&#8220; text_text_color=&#8220;#FFFFFF&#8220; text_font_size=&#8220;21px&#8220; global_colors_info=&#8220;{}&#8220;]<\/p>\n<p>Bitte gebt eure Bestellungen bis zum 05.12.2025 \u00fcber die bekannten Wege auf.<\/p>\n<p>[\/et_pb_text][\/et_pb_column_inner][\/et_pb_row_inner][\/et_pb_column][\/et_pb_section][et_pb_section fb_built=&#8220;1&#8243; next_background_color=&#8220;#ffffff&#8220; disabled_on=&#8220;on|on|on&#8220; _builder_version=&#8220;4.27.4&#8243; _module_preset=&#8220;default&#8220; background_color=&#8220;rgba(168,200,61,0.45)&#8220; use_background_color_gradient=&#8220;on&#8220; background_color_gradient_stops=&#8220;rgba(168,200,61,0.59) 0%|rgba(168,200,61,0.73) 100%&#8220; background_color_gradient_overlays_image=&#8220;on&#8220; background_image=&#8220;https:\/\/carnivora-tiernahrung.de\/wp-content\/uploads\/2025\/10\/paper-texture.jpg&#8220; top_divider_style=&#8220;asymmetric2&#8243; top_divider_color=&#8220;rgba(168,200,61,0.32)&#8220; bottom_divider_style=&#8220;wave2&#8243; disabled=&#8220;on&#8220; global_colors_info=&#8220;{}&#8220;][et_pb_row _builder_version=&#8220;4.27.4&#8243; _module_preset=&#8220;default&#8220; global_colors_info=&#8220;{}&#8220;][et_pb_column type=&#8220;4_4&#8243; _builder_version=&#8220;4.27.4&#8243; _module_preset=&#8220;default&#8220; global_colors_info=&#8220;{}&#8220;][et_pb_text _builder_version=&#8220;4.27.4&#8243; _module_preset=&#8220;default&#8220; text_font=&#8220;Arial|800|||||||&#8220; text_font_size=&#8220;36px&#8220; text_line_height=&#8220;1.2em&#8220; global_colors_info=&#8220;{}&#8220;]<\/p>\n<p>Das ganze Team bedankt sich f\u00fcr eure Treue und Unterst\u00fctzung in diesem Jahr!<\/p>\n<p>Wir w\u00fcnschen euch und euren Fellnasen eine wundersch\u00f6ne Weihnachtszeit und einen guten Start ins neue Jahr!<\/p>\n<p>[\/et_pb_text][\/et_pb_column][\/et_pb_row][et_pb_row _builder_version=&#8220;4.27.4&#8243; _module_preset=&#8220;default&#8220; global_colors_info=&#8220;{}&#8220;][et_pb_column type=&#8220;4_4&#8243; _builder_version=&#8220;4.27.4&#8243; _module_preset=&#8220;default&#8220; global_colors_info=&#8220;{}&#8220;][et_pb_text _builder_version=&#8220;4.27.4&#8243; _module_preset=&#8220;default&#8220; text_font=&#8220;Arial|800|||||||&#8220; text_font_size=&#8220;37px&#8220; text_line_height=&#8220;1em&#8220; text_text_color_tablet=&#8220;&#8220; text_text_color_phone=&#8220;&#8220; text_text_color_last_edited=&#8220;on|tablet&#8220; global_colors_info=&#8220;{}&#8220;]<\/p>\n<p><span style=\"color: #ffffff;\">Weihnachts\u00f6ffnungszeiten &amp; Happy Hour<\/span><\/p>\n<p>[\/et_pb_text][et_pb_text _builder_version=&#8220;4.27.4&#8243; _module_preset=&#8220;default&#8220; text_font=&#8220;Arial|800|||||||&#8220; text_font_size=&#8220;37px&#8220; text_line_height=&#8220;1em&#8220; text_text_color_tablet=&#8220;&#8220; text_text_color_phone=&#8220;&#8220; text_text_color_last_edited=&#8220;on|tablet&#8220; global_colors_info=&#8220;{}&#8220;]<\/p>\n<p><span style=\"color: #ffffff;\">In der Weihnachtswoche sind wir zus\u00e4tzlich f\u00fcr euch da:<br \/>Montag 22.12.2025 \u2027<\/span> <span style=\"color: #ffffff;\">10:00 -18:00 Uhr<br \/>Dienstag 23.12.2025 \u2027 10:00 -18:00 Uhr<\/span><\/p>\n<p>Happy Hour am 23.12.2025 von 16:30 &#8211; 18:00 Uhr<br \/>Exklusive Angebote und Rabatte auf ausgew\u00e4hlte Artikel.<\/p>\n<p>[\/et_pb_text][\/et_pb_column][\/et_pb_row][et_pb_row _builder_version=&#8220;4.27.4&#8243; _module_preset=&#8220;default&#8220; global_colors_info=&#8220;{}&#8220;][et_pb_column type=&#8220;4_4&#8243; _builder_version=&#8220;4.27.4&#8243; _module_preset=&#8220;default&#8220; global_colors_info=&#8220;{}&#8220;][\/et_pb_column][\/et_pb_row][\/et_pb_section][et_pb_section fb_built=&#8220;1&#8243; _builder_version=&#8220;4.27.4&#8243; _module_preset=&#8220;default&#8220; global_colors_info=&#8220;{}&#8220;][et_pb_row column_structure=&#8220;1_2,1_2&#8243; _builder_version=&#8220;4.27.4&#8243; _module_preset=&#8220;default&#8220; global_colors_info=&#8220;{}&#8220;][et_pb_column type=&#8220;1_2&#8243; _builder_version=&#8220;4.27.4&#8243; _module_preset=&#8220;default&#8220; global_colors_info=&#8220;{}&#8220;][et_pb_image src=&#8220;https:\/\/carnivora-tiernahrung.de\/wp-content\/uploads\/2025\/10\/Carnivora-Tiernahrung_logo_800.jpg&#8220; title_text=&#8220;Carnivora-Tiernahrung_logo_800&#8243; _builder_version=&#8220;4.27.4&#8243; _module_preset=&#8220;default&#8220; global_colors_info=&#8220;{}&#8220;][\/et_pb_image][\/et_pb_column][et_pb_column type=&#8220;1_2&#8243; _builder_version=&#8220;4.27.4&#8243; _module_preset=&#8220;default&#8220; global_colors_info=&#8220;{}&#8220;][et_pb_text _builder_version=&#8220;4.27.4&#8243; _module_preset=&#8220;default&#8220; text_font=&#8220;Verdana|700|||||||&#8220; text_font_size=&#8220;35px&#8220; text_line_height=&#8220;1em&#8220; global_colors_info=&#8220;{}&#8220;]<\/p>\n<p><span style=\"color: #a7c73c;\">Ihr Fachgesch\u00e4ft f\u00fcr nat\u00fcrliche Tiernahrung in Kaltenkirchen.<\/span><br \/><span style=\"color: #a7c73c;\">Frische, artgerechte F\u00fctterung mit Liebe ausgew\u00e4hlt f\u00fcr Hund und Katze.<\/span><\/p>\n<p>Unsere Marken:<br \/><span style=\"color: #a7c73c;\">cdVet, Anibio, Petsnature und mehr!<\/span><\/p>\n<p>[\/et_pb_text][\/et_pb_column][\/et_pb_row][\/et_pb_section][et_pb_section fb_built=&#8220;1&#8243; prev_background_color=&#8220;#ffffff&#8220; _builder_version=&#8220;4.27.4&#8243; _module_preset=&#8220;default&#8220; background_enable_color=&#8220;off&#8220; use_background_color_gradient=&#8220;on&#8220; background_color_gradient_stops=&#8220;rgba(30,35,43,0.9) 0%|rgba(30,35,43,0.9) 100%&#8220; background_color_gradient_overlays_image=&#8220;on&#8220; background_image=&#8220;https:\/\/carnivora-tiernahrung.de\/wp-content\/uploads\/2025\/10\/paper-texture.jpg&#8220; top_divider_style=&#8220;wave&#8220; bottom_divider_style=&#8220;wave2&#8243; bottom_divider_color=&#8220;#a7c73c&#8220; global_colors_info=&#8220;{}&#8220;][et_pb_row column_structure=&#8220;3_5,2_5&#8243; _builder_version=&#8220;4.27.4&#8243; _module_preset=&#8220;default&#8220; global_colors_info=&#8220;{}&#8220;][et_pb_column type=&#8220;3_5&#8243; _builder_version=&#8220;4.27.4&#8243; _module_preset=&#8220;default&#8220; global_colors_info=&#8220;{}&#8220;][et_pb_text _builder_version=&#8220;4.27.4&#8243; _module_preset=&#8220;default&#8220; text_font=&#8220;Verdana|700|||||||&#8220; text_text_color=&#8220;#a7c73c&#8220; text_font_size=&#8220;30px&#8220; text_line_height=&#8220;1.1em&#8220; global_colors_info=&#8220;{}&#8220;]<\/p>\n<p>&nbsp;<\/p>\n<p>&nbsp;<\/p>\n<p>Unsere Webseite befindet sich gerade noch im Aufbau. Bald gibt es hier mehr Informationen und Tipps zur gesunden Tierern\u00e4hrung.<\/p>\n<p>[\/et_pb_text][\/et_pb_column][et_pb_column type=&#8220;2_5&#8243; _builder_version=&#8220;4.27.4&#8243; _module_preset=&#8220;default&#8220; global_colors_info=&#8220;{}&#8220;][et_pb_image src=&#8220;https:\/\/carnivora-tiernahrung.de\/wp-content\/uploads\/2025\/10\/Ggolden-retriever_hund.png&#8220; title_text=&#8220;Ggolden retriever_hund&#8220; _builder_version=&#8220;4.27.4&#8243; _module_preset=&#8220;default&#8220; global_colors_info=&#8220;{}&#8220;][\/et_pb_image][\/et_pb_column][\/et_pb_row][\/et_pb_section][et_pb_section fb_built=&#8220;1&#8243; _builder_version=&#8220;4.27.4&#8243; _module_preset=&#8220;default&#8220; top_divider_style=&#8220;wave2&#8243; top_divider_color=&#8220;#a7c73c&#8220; global_colors_info=&#8220;{}&#8220;][et_pb_row _builder_version=&#8220;4.27.4&#8243; _module_preset=&#8220;default&#8220;][et_pb_column _builder_version=&#8220;4.27.4&#8243; _module_preset=&#8220;default&#8220; type=&#8220;4_4&#8243;][et_pb_text _builder_version=&#8220;4.27.4&#8243; _module_preset=&#8220;default&#8220; hover_enabled=&#8220;0&#8243; sticky_enabled=&#8220;0&#8243;][\/et_pb_text][\/et_pb_column][\/et_pb_row][et_pb_row column_structure=&#8220;3_5,2_5&#8243; _builder_version=&#8220;4.27.4&#8243; _module_preset=&#8220;default&#8220; global_colors_info=&#8220;{}&#8220;][et_pb_column type=&#8220;3_5&#8243; _builder_version=&#8220;4.27.4&#8243; _module_preset=&#8220;default&#8220; global_colors_info=&#8220;{}&#8220;][et_pb_text _builder_version=&#8220;4.27.4&#8243; _module_preset=&#8220;default&#8220; text_font=&#8220;Verdana||||||||&#8220; text_font_size=&#8220;27px&#8220; text_line_height=&#8220;1.2em&#8220; global_colors_info=&#8220;{}&#8220;]<\/p>\n<p>\u00d6ffnungszeiten:<br \/>Montag ist Ruhetag<br \/>Dienstag von 14:00 -18:00 Uhr<br \/>Mittwoch von 10:00 \u2013 18:00 Uhr<br \/>Donnerstag von 10:00 \u2013 18:00 Uhr<br \/>Freitag von von 10:00 \u2013 17:00 Uhr<br \/>Samstag geschlossen<br \/>Sonn- und Feiertagen geschlossen<\/p>\n<p>[\/et_pb_text][\/et_pb_column][et_pb_column type=&#8220;2_5&#8243; _builder_version=&#8220;4.27.4&#8243; _module_preset=&#8220;default&#8220; global_colors_info=&#8220;{}&#8220;][et_pb_text _builder_version=&#8220;4.27.4&#8243; _module_preset=&#8220;default&#8220; text_font=&#8220;Verdana||||||||&#8220; text_font_size=&#8220;27px&#8220; text_line_height=&#8220;1.2em&#8220; global_colors_info=&#8220;{}&#8220;]<\/p>\n<p>Kontakt:<br \/>Carnivora-Tiernahrung<br \/>Andreas K\u00f6rting<br \/>Kieler Stra\u00dfe 16<br \/>24568 Kaltenkirchen<br \/>Tel: 04191\/72 38 573<br \/>Email: info@carnivora-tiernahrung.de<\/p>\n<p>[\/et_pb_text][\/et_pb_column][\/et_pb_row][\/et_pb_section]<\/p>\n","protected":false},"excerpt":{"rendered":"<p>Urlaubsank\u00fcndigungVom 24.12.2025 bis einschlie\u00dflich 02.01.2026bleibt Carnivora-Tiernahrung geschlossen.Ab dem 06.01.2026 sind wir wieder wie gewohnt f\u00fcr euch da.Wichtig &#8211; FrostwareBitte gebt eure Bestellungen bis zum 28.11.2025 \u00fcber die bekannten Wege auf.Wichtig &#8211; FrischwareBitte gebt eure Bestellungen bis zum 05.12.2025 \u00fcber die bekannten Wege auf.Das ganze Team bedankt sich f\u00fcr eure Treue und Unterst\u00fctzung in diesem Jahr! [&hellip;]<\/p>\n","protected":false},"author":1,"featured_media":0,"parent":0,"menu_order":0,"comment_status":"closed","ping_status":"closed","template":"","meta":{"_et_pb_use_builder":"on","_et_pb_old_content":"","_et_gb_content_width":"","footnotes":""},"class_list":["post-14","page","type-page","status-publish","hentry"],"_links":{"self":[{"href":"https:\/\/carnivora-tiernahrung.de\/index.php\/wp-json\/wp\/v2\/pages\/14","targetHints":{"allow":["GET"]}}],"collection":[{"href":"https:\/\/carnivora-tiernahrung.de\/index.php\/wp-json\/wp\/v2\/pages"}],"about":[{"href":"https:\/\/carnivora-tiernahrung.de\/index.php\/wp-json\/wp\/v2\/types\/page"}],"author":[{"embeddable":true,"href":"https:\/\/carnivora-tiernahrung.de\/index.php\/wp-json\/wp\/v2\/users\/1"}],"replies":[{"embeddable":true,"href":"https:\/\/carnivora-tiernahrung.de\/index.php\/wp-json\/wp\/v2\/comments?post=14"}],"version-history":[{"count":16,"href":"https:\/\/carnivora-tiernahrung.de\/index.php\/wp-json\/wp\/v2\/pages\/14\/revisions"}],"predecessor-version":[{"id":93,"href":"https:\/\/carnivora-tiernahrung.de\/index.php\/wp-json\/wp\/v2\/pages\/14\/revisions\/93"}],"wp:attachment":[{"href":"https:\/\/carnivora-tiernahrung.de\/index.php\/wp-json\/wp\/v2\/media?parent=14"}],"curies":[{"name":"wp","href":"https:\/\/api.w.org\/{rel}","templated":true}]}}